{"id":93,"date":"2022-05-18T04:55:07","date_gmt":"2022-05-18T04:55:07","guid":{"rendered":"http:\/\/localhost\/wordpress\/?page_id=93"},"modified":"2026-04-27T20:47:46","modified_gmt":"2026-04-27T20:47:46","slug":"knowledge-test-practice","status":"publish","type":"page","link":"https:\/\/www.abcqcmtl.com\/fr-ca\/knowledge-test-practice\/","title":{"rendered":"Knowledge"},"content":{"rendered":"","protected":false},"excerpt":{"rendered":"","protected":false},"author":1,"featured_media":0,"parent":0,"menu_order":0,"comment_status":"closed","ping_status":"closed","template":"knowledge.php","meta":{"_acf_changed":false,"footnotes":""},"class_list":["post-93","page","type-page","status-publish","hentry"],"acf":[],"yoast_head":"<!-- This site is optimized with the Yoast SEO plugin v27.6 - https:\/\/yoast.com\/product\/yoast-seo-wordpress\/ -->\n<title>Pratique du Test Th\u00e9orique | \u00c9cole de Conduite ABC<\/title>\n<meta name=\"description\" content=\"Pr\u00e9parez-vous au test th\u00e9orique de conduite avec \u00c9cole de Conduite ABC \u00e0 Montr\u00e9al. Des ressources et des cours pour vous aider \u00e0 r\u00e9ussir du premier coup.\" \/>\n<meta name=\"robots\" content=\"index, follow, max-snippet:-1, max-image-preview:large, max-video-preview:-1\" \/>\n<link rel=\"canonical\" href=\"https:\/\/www.abcqcmtl.com\/fr-ca\/knowledge-test-practice\/\" \/>\n<meta property=\"og:locale\" content=\"fr_CA\" \/>\n<meta property=\"og:locale:alternate\" content=\"en_US\" \/>\n<meta property=\"og:type\" content=\"article\" \/>\n<meta property=\"og:title\" content=\"Pratique du Test Th\u00e9orique | \u00c9cole de Conduite ABC\" \/>\n<meta property=\"og:description\" content=\"Pr\u00e9parez-vous au test th\u00e9orique de conduite avec \u00c9cole de Conduite ABC \u00e0 Montr\u00e9al. Des ressources et des cours pour vous aider \u00e0 r\u00e9ussir du premier coup.\" \/>\n<meta property=\"og:url\" content=\"https:\/\/www.abcqcmtl.com\/fr-ca\/knowledge-test-practice\/\" \/>\n<meta property=\"og:site_name\" content=\"ABC Driving School\" \/>\n<meta property=\"article:modified_time\" content=\"2026-04-27T20:47:46+00:00\" \/>\n<meta name=\"twitter:card\" content=\"summary_large_image\" \/>\n<script type=\"application\/ld+json\" class=\"yoast-schema-graph\">{\"@context\":\"https:\\\/\\\/schema.org\",\"@graph\":[{\"@type\":\"WebPage\",\"@id\":\"https:\\\/\\\/www.abcqcmtl.com\\\/knowledge-test-practice\\\/\",\"url\":\"https:\\\/\\\/www.abcqcmtl.com\\\/knowledge-test-practice\\\/\",\"name\":\"Pratique du Test Th\u00e9orique | \u00c9cole de Conduite ABC\",\"isPartOf\":{\"@id\":\"https:\\\/\\\/www.abcqcmtl.com\\\/#website\"},\"datePublished\":\"2022-05-18T04:55:07+00:00\",\"dateModified\":\"2026-04-27T20:47:46+00:00\",\"description\":\"Pr\u00e9parez-vous au test th\u00e9orique de conduite avec \u00c9cole de Conduite ABC \u00e0 Montr\u00e9al. Des ressources et des cours pour vous aider \u00e0 r\u00e9ussir du premier coup.\",\"breadcrumb\":{\"@id\":\"https:\\\/\\\/www.abcqcmtl.com\\\/knowledge-test-practice\\\/#breadcrumb\"},\"inLanguage\":\"fr-CA\",\"potentialAction\":[{\"@type\":\"ReadAction\",\"target\":[\"https:\\\/\\\/www.abcqcmtl.com\\\/knowledge-test-practice\\\/\"]}]},{\"@type\":\"BreadcrumbList\",\"@id\":\"https:\\\/\\\/www.abcqcmtl.com\\\/knowledge-test-practice\\\/#breadcrumb\",\"itemListElement\":[{\"@type\":\"ListItem\",\"position\":1,\"name\":\"Home\",\"item\":\"https:\\\/\\\/www.abcqcmtl.com\\\/\"},{\"@type\":\"ListItem\",\"position\":2,\"name\":\"Knowledge\"}]},{\"@type\":\"WebSite\",\"@id\":\"https:\\\/\\\/www.abcqcmtl.com\\\/#website\",\"url\":\"https:\\\/\\\/www.abcqcmtl.com\\\/\",\"name\":\"ABC Driving School\",\"description\":\"Just another WordPress site\",\"publisher\":{\"@id\":\"https:\\\/\\\/www.abcqcmtl.com\\\/#organization\"},\"potentialAction\":[{\"@type\":\"SearchAction\",\"target\":{\"@type\":\"EntryPoint\",\"urlTemplate\":\"https:\\\/\\\/www.abcqcmtl.com\\\/?s={search_term_string}\"},\"query-input\":{\"@type\":\"PropertyValueSpecification\",\"valueRequired\":true,\"valueName\":\"search_term_string\"}}],\"inLanguage\":\"fr-CA\"},{\"@type\":\"Organization\",\"@id\":\"https:\\\/\\\/www.abcqcmtl.com\\\/#organization\",\"name\":\"ABC Driving School\",\"url\":\"https:\\\/\\\/www.abcqcmtl.com\\\/\",\"logo\":{\"@type\":\"ImageObject\",\"inLanguage\":\"fr-CA\",\"@id\":\"https:\\\/\\\/www.abcqcmtl.com\\\/#\\\/schema\\\/logo\\\/image\\\/\",\"url\":\"https:\\\/\\\/www.abcqcmtl.com\\\/wp-content\\\/uploads\\\/2024\\\/09\\\/abc-driving-school-logo.webp\",\"contentUrl\":\"https:\\\/\\\/www.abcqcmtl.com\\\/wp-content\\\/uploads\\\/2024\\\/09\\\/abc-driving-school-logo.webp\",\"width\":161,\"height\":64,\"caption\":\"ABC Driving School\"},\"image\":{\"@id\":\"https:\\\/\\\/www.abcqcmtl.com\\\/#\\\/schema\\\/logo\\\/image\\\/\"}}]}<\/script>\n<!-- \/ Yoast SEO plugin. -->","yoast_head_json":{"title":"Pratique du Test Th\u00e9orique | \u00c9cole de Conduite ABC","description":"Pr\u00e9parez-vous au test th\u00e9orique de conduite avec \u00c9cole de Conduite ABC \u00e0 Montr\u00e9al. Des ressources et des cours pour vous aider \u00e0 r\u00e9ussir du premier coup.","robots":{"index":"index","follow":"follow","max-snippet":"max-snippet:-1","max-image-preview":"max-image-preview:large","max-video-preview":"max-video-preview:-1"},"canonical":"https:\/\/www.abcqcmtl.com\/fr-ca\/knowledge-test-practice\/","og_locale":"fr_CA","og_type":"article","og_title":"[:en]Knowledge Test Practice | ABC Driving School[:fr-ca]Pratique du Test Th\u00e9orique | \u00c9cole de Conduite ABC[:]","og_description":"[:en]Practice for your driving knowledge test with ABC Driving School in Montreal. Improve your skills with exam-style questions and boost your chances of passing.[:fr-ca]Pr\u00e9parez-vous au test th\u00e9orique de conduite avec \u00c9cole de Conduite ABC \u00e0 Montr\u00e9al. Des ressources et des cours pour vous aider \u00e0 r\u00e9ussir du premier coup.[:]","og_url":"https:\/\/www.abcqcmtl.com\/fr-ca\/knowledge-test-practice\/","og_site_name":"ABC Driving School","article_modified_time":"2026-04-27T20:47:46+00:00","twitter_card":"summary_large_image","schema":{"@context":"https:\/\/schema.org","@graph":[{"@type":"WebPage","@id":"https:\/\/www.abcqcmtl.com\/knowledge-test-practice\/","url":"https:\/\/www.abcqcmtl.com\/knowledge-test-practice\/","name":"Pratique du Test Th\u00e9orique | \u00c9cole de Conduite ABC","isPartOf":{"@id":"https:\/\/www.abcqcmtl.com\/#website"},"datePublished":"2022-05-18T04:55:07+00:00","dateModified":"2026-04-27T20:47:46+00:00","description":"Pr\u00e9parez-vous au test th\u00e9orique de conduite avec \u00c9cole de Conduite ABC \u00e0 Montr\u00e9al. Des ressources et des cours pour vous aider \u00e0 r\u00e9ussir du premier coup.","breadcrumb":{"@id":"https:\/\/www.abcqcmtl.com\/knowledge-test-practice\/#breadcrumb"},"inLanguage":"fr-CA","potentialAction":[{"@type":"ReadAction","target":["https:\/\/www.abcqcmtl.com\/knowledge-test-practice\/"]}]},{"@type":"BreadcrumbList","@id":"https:\/\/www.abcqcmtl.com\/knowledge-test-practice\/#breadcrumb","itemListElement":[{"@type":"ListItem","position":1,"name":"Home","item":"https:\/\/www.abcqcmtl.com\/"},{"@type":"ListItem","position":2,"name":"Knowledge"}]},{"@type":"WebSite","@id":"https:\/\/www.abcqcmtl.com\/#website","url":"https:\/\/www.abcqcmtl.com\/","name":"ABC Driving School","description":"Just another WordPress site","publisher":{"@id":"https:\/\/www.abcqcmtl.com\/#organization"},"potentialAction":[{"@type":"SearchAction","target":{"@type":"EntryPoint","urlTemplate":"https:\/\/www.abcqcmtl.com\/?s={search_term_string}"},"query-input":{"@type":"PropertyValueSpecification","valueRequired":true,"valueName":"search_term_string"}}],"inLanguage":"fr-CA"},{"@type":"Organization","@id":"https:\/\/www.abcqcmtl.com\/#organization","name":"ABC Driving School","url":"https:\/\/www.abcqcmtl.com\/","logo":{"@type":"ImageObject","inLanguage":"fr-CA","@id":"https:\/\/www.abcqcmtl.com\/#\/schema\/logo\/image\/","url":"https:\/\/www.abcqcmtl.com\/wp-content\/uploads\/2024\/09\/abc-driving-school-logo.webp","contentUrl":"https:\/\/www.abcqcmtl.com\/wp-content\/uploads\/2024\/09\/abc-driving-school-logo.webp","width":161,"height":64,"caption":"ABC Driving School"},"image":{"@id":"https:\/\/www.abcqcmtl.com\/#\/schema\/logo\/image\/"}}]}},"_links":{"self":[{"href":"https:\/\/www.abcqcmtl.com\/fr-ca\/wp-json\/wp\/v2\/pages\/93","targetHints":{"allow":["GET"]}}],"collection":[{"href":"https:\/\/www.abcqcmtl.com\/fr-ca\/wp-json\/wp\/v2\/pages"}],"about":[{"href":"https:\/\/www.abcqcmtl.com\/fr-ca\/wp-json\/wp\/v2\/types\/page"}],"author":[{"embeddable":true,"href":"https:\/\/www.abcqcmtl.com\/fr-ca\/wp-json\/wp\/v2\/users\/1"}],"replies":[{"embeddable":true,"href":"https:\/\/www.abcqcmtl.com\/fr-ca\/wp-json\/wp\/v2\/comments?post=93"}],"version-history":[{"count":10,"href":"https:\/\/www.abcqcmtl.com\/fr-ca\/wp-json\/wp\/v2\/pages\/93\/revisions"}],"predecessor-version":[{"id":583,"href":"https:\/\/www.abcqcmtl.com\/fr-ca\/wp-json\/wp\/v2\/pages\/93\/revisions\/583"}],"wp:attachment":[{"href":"https:\/\/www.abcqcmtl.com\/fr-ca\/wp-json\/wp\/v2\/media?parent=93"}],"curies":[{"name":"wp","href":"https:\/\/api.w.org\/{rel}","templated":true}]}}