{"id":6,"date":"2022-05-13T03:40:08","date_gmt":"2022-05-13T03:40:08","guid":{"rendered":"http:\/\/localhost\/wordpress\/?page_id=6"},"modified":"2026-04-11T21:23:49","modified_gmt":"2026-04-11T21:23:49","slug":"home","status":"publish","type":"page","link":"https:\/\/www.abcqcmtl.com\/fr-ca\/","title":{"rendered":"Home"},"content":{"rendered":"","protected":false},"excerpt":{"rendered":"","protected":false},"author":1,"featured_media":0,"parent":0,"menu_order":0,"comment_status":"closed","ping_status":"closed","template":"index.php","meta":{"_acf_changed":false,"footnotes":""},"class_list":["post-6","page","type-page","status-publish","hentry"],"acf":[],"yoast_head":"<!-- This site is optimized with the Yoast SEO plugin v27.6 - https:\/\/yoast.com\/product\/yoast-seo-wordpress\/ -->\n<title>\u00c9cole de conduite \u00e0 Montr\u00e9al | \u00c9cole de conduite ABC<\/title>\n<meta name=\"description\" content=\"Apprenez \u00e0 conduire en toute confiance avec l&#039;\u00e9cole de conduite ABC \u00e0 Montr\u00e9al. Offrant une gamme de cours de conduite et de programmes adapt\u00e9s \u00e0 vos besoins.\" \/>\n<meta name=\"robots\" content=\"index, follow, max-snippet:-1, max-image-preview:large, max-video-preview:-1\" \/>\n<link rel=\"canonical\" href=\"https:\/\/www.abcqcmtl.com\/fr-ca\/\" \/>\n<meta property=\"og:locale\" content=\"fr_CA\" \/>\n<meta property=\"og:locale:alternate\" content=\"en_US\" \/>\n<meta property=\"og:type\" content=\"article\" \/>\n<meta property=\"og:title\" content=\"\u00c9cole de conduite \u00e0 Montr\u00e9al | \u00c9cole de conduite ABC\" \/>\n<meta property=\"og:description\" content=\"Apprenez \u00e0 conduire en toute confiance avec l&#039;\u00e9cole de conduite ABC \u00e0 Montr\u00e9al. Offrant une gamme de cours de conduite et de programmes adapt\u00e9s \u00e0 vos besoins.\" \/>\n<meta property=\"og:url\" content=\"https:\/\/www.abcqcmtl.com\/fr-ca\/\" \/>\n<meta property=\"og:site_name\" content=\"ABC Driving School\" \/>\n<meta property=\"article:modified_time\" content=\"2026-04-11T21:23:49+00:00\" \/>\n<meta name=\"twitter:card\" content=\"summary_large_image\" \/>\n<script type=\"application\/ld+json\" class=\"yoast-schema-graph\">{\"@context\":\"https:\\\/\\\/schema.org\",\"@graph\":[{\"@type\":\"WebPage\",\"@id\":\"https:\\\/\\\/www.abcqcmtl.com\\\/\",\"url\":\"https:\\\/\\\/www.abcqcmtl.com\\\/\",\"name\":\"\u00c9cole de conduite \u00e0 Montr\u00e9al | \u00c9cole de conduite ABC\",\"isPartOf\":{\"@id\":\"https:\\\/\\\/www.abcqcmtl.com\\\/#website\"},\"datePublished\":\"2022-05-13T03:40:08+00:00\",\"dateModified\":\"2026-04-11T21:23:49+00:00\",\"description\":\"Apprenez \u00e0 conduire en toute confiance avec l'\u00e9cole de conduite ABC \u00e0 Montr\u00e9al. Offrant une gamme de cours de conduite et de programmes adapt\u00e9s \u00e0 vos besoins.\",\"breadcrumb\":{\"@id\":\"https:\\\/\\\/www.abcqcmtl.com\\\/#breadcrumb\"},\"inLanguage\":\"fr-CA\",\"potentialAction\":[{\"@type\":\"ReadAction\",\"target\":[\"https:\\\/\\\/www.abcqcmtl.com\\\/\"]}]},{\"@type\":\"BreadcrumbList\",\"@id\":\"https:\\\/\\\/www.abcqcmtl.com\\\/#breadcrumb\",\"itemListElement\":[{\"@type\":\"ListItem\",\"position\":1,\"name\":\"Home\",\"item\":\"https:\\\/\\\/www.abcqcmtl.com\\\/\"},{\"@type\":\"ListItem\",\"position\":2,\"name\":\"Home\"}]},{\"@type\":\"WebSite\",\"@id\":\"https:\\\/\\\/www.abcqcmtl.com\\\/#website\",\"url\":\"https:\\\/\\\/www.abcqcmtl.com\\\/\",\"name\":\"ABC Driving School\",\"description\":\"Just another WordPress site\",\"publisher\":{\"@id\":\"https:\\\/\\\/www.abcqcmtl.com\\\/#organization\"},\"potentialAction\":[{\"@type\":\"SearchAction\",\"target\":{\"@type\":\"EntryPoint\",\"urlTemplate\":\"https:\\\/\\\/www.abcqcmtl.com\\\/?s={search_term_string}\"},\"query-input\":{\"@type\":\"PropertyValueSpecification\",\"valueRequired\":true,\"valueName\":\"search_term_string\"}}],\"inLanguage\":\"fr-CA\"},{\"@type\":\"Organization\",\"@id\":\"https:\\\/\\\/www.abcqcmtl.com\\\/#organization\",\"name\":\"ABC Driving School\",\"url\":\"https:\\\/\\\/www.abcqcmtl.com\\\/\",\"logo\":{\"@type\":\"ImageObject\",\"inLanguage\":\"fr-CA\",\"@id\":\"https:\\\/\\\/www.abcqcmtl.com\\\/#\\\/schema\\\/logo\\\/image\\\/\",\"url\":\"https:\\\/\\\/www.abcqcmtl.com\\\/wp-content\\\/uploads\\\/2024\\\/09\\\/abc-driving-school-logo.webp\",\"contentUrl\":\"https:\\\/\\\/www.abcqcmtl.com\\\/wp-content\\\/uploads\\\/2024\\\/09\\\/abc-driving-school-logo.webp\",\"width\":161,\"height\":64,\"caption\":\"ABC Driving School\"},\"image\":{\"@id\":\"https:\\\/\\\/www.abcqcmtl.com\\\/#\\\/schema\\\/logo\\\/image\\\/\"}}]}<\/script>\n<!-- \/ Yoast SEO plugin. -->","yoast_head_json":{"title":"\u00c9cole de conduite \u00e0 Montr\u00e9al | \u00c9cole de conduite ABC","description":"Apprenez \u00e0 conduire en toute confiance avec l'\u00e9cole de conduite ABC \u00e0 Montr\u00e9al. Offrant une gamme de cours de conduite et de programmes adapt\u00e9s \u00e0 vos besoins.","robots":{"index":"index","follow":"follow","max-snippet":"max-snippet:-1","max-image-preview":"max-image-preview:large","max-video-preview":"max-video-preview:-1"},"canonical":"https:\/\/www.abcqcmtl.com\/fr-ca\/","og_locale":"fr_CA","og_type":"article","og_title":"[:en]Driving School Montreal | SAAQ Approved | ABC Driving[:fr-ca]\u00c9cole de conduite \u00e0 Montr\u00e9al | \u00c9cole de conduite ABC[:]","og_description":"[:en]SAAQ-approved driving school in Montreal. Learn with expert instructors, flexible schedules & affordable lessons. Book your driving course today![:fr-ca]Apprenez \u00e0 conduire en toute confiance avec l'\u00e9cole de conduite ABC \u00e0 Montr\u00e9al. Offrant une gamme de cours de conduite et de programmes adapt\u00e9s \u00e0 vos besoins.[:]","og_url":"https:\/\/www.abcqcmtl.com\/fr-ca\/","og_site_name":"ABC Driving School","article_modified_time":"2026-04-11T21:23:49+00:00","twitter_card":"summary_large_image","schema":{"@context":"https:\/\/schema.org","@graph":[{"@type":"WebPage","@id":"https:\/\/www.abcqcmtl.com\/","url":"https:\/\/www.abcqcmtl.com\/","name":"\u00c9cole de conduite \u00e0 Montr\u00e9al | \u00c9cole de conduite ABC","isPartOf":{"@id":"https:\/\/www.abcqcmtl.com\/#website"},"datePublished":"2022-05-13T03:40:08+00:00","dateModified":"2026-04-11T21:23:49+00:00","description":"Apprenez \u00e0 conduire en toute confiance avec l'\u00e9cole de conduite ABC \u00e0 Montr\u00e9al. Offrant une gamme de cours de conduite et de programmes adapt\u00e9s \u00e0 vos besoins.","breadcrumb":{"@id":"https:\/\/www.abcqcmtl.com\/#breadcrumb"},"inLanguage":"fr-CA","potentialAction":[{"@type":"ReadAction","target":["https:\/\/www.abcqcmtl.com\/"]}]},{"@type":"BreadcrumbList","@id":"https:\/\/www.abcqcmtl.com\/#breadcrumb","itemListElement":[{"@type":"ListItem","position":1,"name":"Home","item":"https:\/\/www.abcqcmtl.com\/"},{"@type":"ListItem","position":2,"name":"Home"}]},{"@type":"WebSite","@id":"https:\/\/www.abcqcmtl.com\/#website","url":"https:\/\/www.abcqcmtl.com\/","name":"ABC Driving School","description":"Just another WordPress site","publisher":{"@id":"https:\/\/www.abcqcmtl.com\/#organization"},"potentialAction":[{"@type":"SearchAction","target":{"@type":"EntryPoint","urlTemplate":"https:\/\/www.abcqcmtl.com\/?s={search_term_string}"},"query-input":{"@type":"PropertyValueSpecification","valueRequired":true,"valueName":"search_term_string"}}],"inLanguage":"fr-CA"},{"@type":"Organization","@id":"https:\/\/www.abcqcmtl.com\/#organization","name":"ABC Driving School","url":"https:\/\/www.abcqcmtl.com\/","logo":{"@type":"ImageObject","inLanguage":"fr-CA","@id":"https:\/\/www.abcqcmtl.com\/#\/schema\/logo\/image\/","url":"https:\/\/www.abcqcmtl.com\/wp-content\/uploads\/2024\/09\/abc-driving-school-logo.webp","contentUrl":"https:\/\/www.abcqcmtl.com\/wp-content\/uploads\/2024\/09\/abc-driving-school-logo.webp","width":161,"height":64,"caption":"ABC Driving School"},"image":{"@id":"https:\/\/www.abcqcmtl.com\/#\/schema\/logo\/image\/"}}]}},"_links":{"self":[{"href":"https:\/\/www.abcqcmtl.com\/fr-ca\/wp-json\/wp\/v2\/pages\/6","targetHints":{"allow":["GET"]}}],"collection":[{"href":"https:\/\/www.abcqcmtl.com\/fr-ca\/wp-json\/wp\/v2\/pages"}],"about":[{"href":"https:\/\/www.abcqcmtl.com\/fr-ca\/wp-json\/wp\/v2\/types\/page"}],"author":[{"embeddable":true,"href":"https:\/\/www.abcqcmtl.com\/fr-ca\/wp-json\/wp\/v2\/users\/1"}],"replies":[{"embeddable":true,"href":"https:\/\/www.abcqcmtl.com\/fr-ca\/wp-json\/wp\/v2\/comments?post=6"}],"version-history":[{"count":39,"href":"https:\/\/www.abcqcmtl.com\/fr-ca\/wp-json\/wp\/v2\/pages\/6\/revisions"}],"predecessor-version":[{"id":848,"href":"https:\/\/www.abcqcmtl.com\/fr-ca\/wp-json\/wp\/v2\/pages\/6\/revisions\/848"}],"wp:attachment":[{"href":"https:\/\/www.abcqcmtl.com\/fr-ca\/wp-json\/wp\/v2\/media?parent=6"}],"curies":[{"name":"wp","href":"https:\/\/api.w.org\/{rel}","templated":true}]}}